{"id":5585,"date":"2021-11-25T13:53:08","date_gmt":"2021-11-25T13:53:08","guid":{"rendered":"https:\/\/bildwpgreenh.local\/?page_id=5585"},"modified":"2026-03-10T12:06:15","modified_gmt":"2026-03-10T12:06:15","slug":"our-team","status":"publish","type":"page","link":"https:\/\/www.greenhome.co.me\/en\/our-team\/","title":{"rendered":"Our team"},"content":{"rendered":"\t\t<div data-elementor-type=\"wp-page\" data-elementor-id=\"5585\" class=\"elementor elementor-5585 elementor-408\" data-elementor-post-type=\"page\">\n\t\t\t\t\t\t<section class=\"elementor-section elementor-top-section elementor-element elementor-element-97aa415 teamSection elementor-section-boxed elementor-section-height-default elementor-section-height-default\" data-id=\"97aa415\" data-element_type=\"section\" data-e-type=\"section\">\n\t\t\t\t\t\t<div class=\"elementor-container elementor-column-gap-default\">\n\t\t\t\t\t<div class=\"elementor-column elementor-col-100 elementor-top-column elementor-element elementor-element-7518266\" data-id=\"7518266\" data-element_type=\"column\" data-e-type=\"column\">\n\t\t\t<div class=\"elementor-widget-wrap elementor-element-populated\">\n\t\t\t\t\t\t<div class=\"elementor-element elementor-element-d31bbb7 elementor-widget elementor-widget-ova_team\" data-id=\"d31bbb7\" data-element_type=\"widget\" data-e-type=\"widget\" data-widget_type=\"ova_team.default\">\n\t\t\t\t<div class=\"elementor-widget-container\">\n\t\t\t\t\t\n<div class=\"archive_team elementor-team four_column\">\n\t<div class=\"content\">\n\t\t\t\t\t<div class=\"items elementor-items\">\n\t\t\t\t<div class=\"content_info\">\n\t\t\t\t\t<div class=\"ova-media\">\n\t\t\t\t\t\t\t\t\t\t\t\t\t\t\t\t\t\t\t\t\t<a href=\"https:\/\/www.greenhome.co.me\/en\/tim\/azra-vukovic\/\">\n\t\t\t\t\t\t\t\t\t<img decoding=\"async\" src=\"https:\/\/www.greenhome.co.me\/wp-content\/uploads\/2020\/07\/Azra-Vukovic-1-scaled-e1673596936127.jpg\" class=\"img-responsive\" alt=\"Azra Vukovi\u0107\">\n\t\t\t\t\t\t\t\t<\/a>\n\t\t\t\t\t\t\t\t\t\t\t\t<\/div>\n\t\t\t\t\t<div class=\"ova-info-content\">\n\t\t\t\t\t\t\t\t\t\t\t\t\t\t\t\t\t\t\t<a href=\"https:\/\/www.greenhome.co.me\/en\/tim\/azra-vukovic\/\" class=\"name second_font\" >\n\t\t\t\t\t\t\t\tAzra Vukovi\u0107\t\t\t\t\t\t\t<\/a>\n\t\t\t\t\t\t\t\t\t\t\t\t\t\t\t\t\t\t\t<p class=\"job\">\n\t\t\t\t\t\t\t\tExecutive director\t\t\t\t\t\t\t<\/p>\n\t\t\t\t\t\t\t\t\t\t\t\t\t\t\t\t\t\t\t<div class=\"ova-email\">\n\t\t\t\t\t\t\t\t<i class=\"fa fa-envelope-o\"><\/i>\n\t\t\t\t\t\t\t\t<a href=\"mailto:azra.vukovic@greenhome.co.me\">\n\t\t\t\t\t\t\t\t\tazra.vukovic@greenhome.co.me\t\t\t\t\t\t\t\t<\/a>\n\t\t\t\t\t\t\t<\/div>\n\t\t\t\t\t\t\t\t\t\t\t\t\t\t\t\t\t<\/div>\n\t\t\t\t<\/div>\n\t\t\t<\/div>\n\t\t\t\t\t<div class=\"items elementor-items\">\n\t\t\t\t<div class=\"content_info\">\n\t\t\t\t\t<div class=\"ova-media\">\n\t\t\t\t\t\t\t\t\t\t\t\t\t\t\t\t\t\t\t\t\t<a href=\"https:\/\/www.greenhome.co.me\/en\/tim\/sanja-orlandic\/\">\n\t\t\t\t\t\t\t\t\t<img decoding=\"async\" src=\"https:\/\/www.greenhome.co.me\/wp-content\/uploads\/2023\/01\/Sanja-slika-za-sajt-doradjena.jpg\" class=\"img-responsive\" alt=\"Sanja Orlandi\u0107\">\n\t\t\t\t\t\t\t\t<\/a>\n\t\t\t\t\t\t\t\t\t\t\t\t<\/div>\n\t\t\t\t\t<div class=\"ova-info-content\">\n\t\t\t\t\t\t\t\t\t\t\t\t\t\t\t\t\t\t\t<a href=\"https:\/\/www.greenhome.co.me\/en\/tim\/sanja-orlandic\/\" class=\"name second_font\" >\n\t\t\t\t\t\t\t\tSanja Orlandi\u0107\t\t\t\t\t\t\t<\/a>\n\t\t\t\t\t\t\t\t\t\t\t\t\t\t\t\t\t\t\t<p class=\"job\">\n\t\t\t\t\t\t\t\tSecretary General\t\t\t\t\t\t\t<\/p>\n\t\t\t\t\t\t\t\t\t\t\t\t\t\t\t\t\t\t\t<div class=\"ova-email\">\n\t\t\t\t\t\t\t\t<i class=\"fa fa-envelope-o\"><\/i>\n\t\t\t\t\t\t\t\t<a href=\"mailto:sanja.orlandic@greenhome.co.me\">\n\t\t\t\t\t\t\t\t\tsanja.orlandic@greenhome.co.me\t\t\t\t\t\t\t\t<\/a>\n\t\t\t\t\t\t\t<\/div>\n\t\t\t\t\t\t\t\t\t\t\t\t\t\t\t\t\t<\/div>\n\t\t\t\t<\/div>\n\t\t\t<\/div>\n\t\t\t\t\t<div class=\"items elementor-items\">\n\t\t\t\t<div class=\"content_info\">\n\t\t\t\t\t<div class=\"ova-media\">\n\t\t\t\t\t\t\t\t\t\t\t\t\t\t\t\t\t\t\t\t\t<a href=\"https:\/\/www.greenhome.co.me\/en\/tim\/jelena-milikic\/\">\n\t\t\t\t\t\t\t\t\t<img decoding=\"async\" src=\"https:\/\/www.greenhome.co.me\/wp-content\/uploads\/2024\/04\/IMG-3e418fab119932ab4556d6d5b927effa-V-copy-3.jpg\" class=\"img-responsive\" alt=\"Jelena Milikic\">\n\t\t\t\t\t\t\t\t<\/a>\n\t\t\t\t\t\t\t\t\t\t\t\t<\/div>\n\t\t\t\t\t<div class=\"ova-info-content\">\n\t\t\t\t\t\t\t\t\t\t\t\t\t\t\t\t\t\t\t<a href=\"https:\/\/www.greenhome.co.me\/en\/tim\/jelena-milikic\/\" class=\"name second_font\" >\n\t\t\t\t\t\t\t\tJelena Milikic\t\t\t\t\t\t\t<\/a>\n\t\t\t\t\t\t\t\t\t\t\t\t\t\t\t\t\t\t\t<p class=\"job\">\n\t\t\t\t\t\t\t\tFinancial Manager \u2013 Administrator\t\t\t\t\t\t\t<\/p>\n\t\t\t\t\t\t\t\t\t\t\t\t\t\t\t\t\t\t\t<div class=\"ova-email\">\n\t\t\t\t\t\t\t\t<i class=\"fa fa-envelope-o\"><\/i>\n\t\t\t\t\t\t\t\t<a href=\"mailto:jelena.milikic@greenhome.co.me\">\n\t\t\t\t\t\t\t\t\tjelena.milikic@greenhome.co.me\t\t\t\t\t\t\t\t<\/a>\n\t\t\t\t\t\t\t<\/div>\n\t\t\t\t\t\t\t\t\t\t\t\t\t\t\t\t\t<\/div>\n\t\t\t\t<\/div>\n\t\t\t<\/div>\n\t\t\t\t\t<div class=\"items elementor-items\">\n\t\t\t\t<div class=\"content_info\">\n\t\t\t\t\t<div class=\"ova-media\">\n\t\t\t\t\t\t\t\t\t\t\t\t\t\t\t\t\t\t\t\t\t<a href=\"https:\/\/www.greenhome.co.me\/en\/tim\/iva-bulajic-2\/\">\n\t\t\t\t\t\t\t\t\t<img decoding=\"async\" src=\"https:\/\/www.greenhome.co.me\/wp-content\/uploads\/2023\/01\/Iva-team.jpg\" class=\"img-responsive\" alt=\"Iva Bulaji\u0107\">\n\t\t\t\t\t\t\t\t<\/a>\n\t\t\t\t\t\t\t\t\t\t\t\t<\/div>\n\t\t\t\t\t<div class=\"ova-info-content\">\n\t\t\t\t\t\t\t\t\t\t\t\t\t\t\t\t\t\t\t<a href=\"https:\/\/www.greenhome.co.me\/en\/tim\/iva-bulajic-2\/\" class=\"name second_font\" >\n\t\t\t\t\t\t\t\tIva Bulaji\u0107\t\t\t\t\t\t\t<\/a>\n\t\t\t\t\t\t\t\t\t\t\t\t\t\t\t\t\t\t\t<p class=\"job\">\n\t\t\t\t\t\t\t\tProject coordinator\t\t\t\t\t\t\t<\/p>\n\t\t\t\t\t\t\t\t\t\t\t\t\t\t\t\t\t\t\t<div class=\"ova-email\">\n\t\t\t\t\t\t\t\t<i class=\"fa fa-envelope-o\"><\/i>\n\t\t\t\t\t\t\t\t<a href=\"mailto:iva.bulajic@greenhome.co.me\">\n\t\t\t\t\t\t\t\t\tiva.bulajic@greenhome.co.me\t\t\t\t\t\t\t\t<\/a>\n\t\t\t\t\t\t\t<\/div>\n\t\t\t\t\t\t\t\t\t\t\t\t\t\t\t\t\t<\/div>\n\t\t\t\t<\/div>\n\t\t\t<\/div>\n\t\t\t<\/div>\n<\/div>\t\t\t\t<\/div>\n\t\t\t\t<\/div>\n\t\t\t\t<div class=\"elementor-element elementor-element-1b2fadf elementor-widget elementor-widget-ova_heading\" data-id=\"1b2fadf\" data-element_type=\"widget\" data-e-type=\"widget\" data-widget_type=\"ova_heading.default\">\n\t\t\t\t<div class=\"elementor-widget-container\">\n\t\t\t\t\t\t\t\t<div class=\"ova-heading\">\n\t\t\t\t\t\t\t\t\t<h3 class=\"title second_font\">\n\t\t\t\t\t\tMeet our team\t\t\t\t\t<\/h3>\n\t\t\t\t\t\t\t\t\t\t\t<\/div>\n\t\t\t\t\t\t\t<\/div>\n\t\t\t\t<\/div>\n\t\t\t\t\t<\/div>\n\t\t<\/div>\n\t\t\t\t\t<\/div>\n\t\t<\/section>\n\t\t\t\t<section class=\"elementor-section elementor-top-section elementor-element elementor-element-bbb5791 egovt-section-column-1370px elementor-section-boxed elementor-section-height-default elementor-section-height-default\" data-id=\"bbb5791\" data-element_type=\"section\" data-e-type=\"section\">\n\t\t\t\t\t\t<div class=\"elementor-container elementor-column-gap-default\">\n\t\t\t\t\t<div data-dce-background-image-url=\"https:\/\/www.greenhome.co.me\/wp-content\/uploads\/2021\/11\/Group-8-1.png\" class=\"elementor-column elementor-col-100 elementor-top-column elementor-element elementor-element-0bc174a\" data-id=\"0bc174a\" data-element_type=\"column\" data-e-type=\"column\" data-settings=\"{&quot;background_background&quot;:&quot;classic&quot;}\">\n\t\t\t<div class=\"elementor-widget-wrap elementor-element-populated\">\n\t\t\t\t\t\t<div class=\"elementor-element elementor-element-d86b22d elementor-widget elementor-widget-ova_heading\" data-id=\"d86b22d\" data-element_type=\"widget\" data-e-type=\"widget\" data-widget_type=\"ova_heading.default\">\n\t\t\t\t<div class=\"elementor-widget-container\">\n\t\t\t\t\t\t\t\t<div class=\"ova-heading\">\n\t\t\t\t\t\t\t\t\t<h3 class=\"title second_font\">\n\t\t\t\t\t\tBecome a volunteer\t\t\t\t\t<\/h3>\n\t\t\t\t\t\t\t\t\t\t\t\t\t<p class=\"sub-title\">\n\t\t\t\t\t\tBecome a volunteer and take part in our fight for a  <br class=\"customBr\"> healthier and greener ecosystem of Montenegro!\t\t\t\t\t<\/p>\n\t\t\t\t\t\t\t<\/div>\n\t\t\t\t\t\t\t<\/div>\n\t\t\t\t<\/div>\n\t\t\t\t<div data-dce-background-color=\"#02010100\" class=\"elementor-element elementor-element-30404c0 elementor-align-center elementor-mobile-align-center elementor-widget elementor-widget-button\" data-id=\"30404c0\" data-element_type=\"widget\" data-e-type=\"widget\" data-widget_type=\"button.default\">\n\t\t\t\t<div class=\"elementor-widget-container\">\n\t\t\t\t\t\t\t\t\t<div class=\"elementor-button-wrapper\">\n\t\t\t\t\t<a class=\"elementor-button elementor-button-link elementor-size-sm\" href=\"\/en\/contact\/\">\n\t\t\t\t\t\t<span class=\"elementor-button-content-wrapper\">\n\t\t\t\t\t\t\t\t\t<span class=\"elementor-button-text\">Contact us<\/span>\n\t\t\t\t\t<\/span>\n\t\t\t\t\t<\/a>\n\t\t\t\t<\/div>\n\t\t\t\t\t\t\t\t<\/div>\n\t\t\t\t<\/div>\n\t\t\t\t\t<\/div>\n\t\t<\/div>\n\t\t\t\t\t<\/div>\n\t\t<\/section>\n\t\t\t\t<\/div>\n\t\t","protected":false},"excerpt":{"rendered":"<p>Azra Vukovi\u0107 Executive director azra.vukovic@greenhome.co.me Sanja Orlandi\u0107 Secretary General sanja.orlandic@greenhome.co.me Nina Mihailovi\u0107 Project coordinator nina.mihailovic@greenhome.co.me Iva Bulaji\u0107 Project coordinator iva.bulajic@greenhome.co.me Jelena Milikic Financial Manager \u2013 Administrator jelena.milikic@greenhome.co.me Meet our team Become a volunteer Become a volunteer and take part in our fight for a healthier and greener ecosystem of Montenegro! Contact us<\/p>\n","protected":false},"author":1,"featured_media":5518,"parent":0,"menu_order":0,"comment_status":"closed","ping_status":"closed","template":"elementor_header_footer","meta":{"_acf_changed":false,"footnotes":""},"class_list":["post-5585","page","type-page","status-publish","has-post-thumbnail","hentry"],"acf":[],"yoast_head":"<!-- This site is optimized with the Yoast SEO plugin v27.4 - https:\/\/yoast.com\/product\/yoast-seo-wordpress\/ -->\n<title>Our team - Green Home<\/title>\n<meta name=\"description\" content=\"Green Home is dedicated to protecting the environment, preserving the natural resources\" \/>\n<meta name=\"robots\" content=\"index, follow, max-snippet:-1, max-image-preview:large, max-video-preview:-1\" \/>\n<link rel=\"canonical\" href=\"https:\/\/www.greenhome.co.me\/en\/our-team\/\" \/>\n<meta property=\"og:locale\" content=\"en_US\" \/>\n<meta property=\"og:type\" content=\"article\" \/>\n<meta property=\"og:title\" content=\"Our team - Green Home\" \/>\n<meta property=\"og:description\" content=\"Green Home is dedicated to protecting the environment, preserving the natural resources\" \/>\n<meta property=\"og:url\" content=\"https:\/\/www.greenhome.co.me\/en\/our-team\/\" \/>\n<meta property=\"og:site_name\" content=\"Green Home\" \/>\n<meta property=\"article:modified_time\" content=\"2026-03-10T12:06:15+00:00\" \/>\n<meta property=\"og:image\" content=\"https:\/\/www.greenhome.co.me\/wp-content\/uploads\/2020\/07\/o-nama-background.png\" \/>\n\t<meta property=\"og:image:width\" content=\"1920\" \/>\n\t<meta property=\"og:image:height\" content=\"300\" \/>\n\t<meta property=\"og:image:type\" content=\"image\/png\" \/>\n<meta name=\"twitter:card\" content=\"summary_large_image\" \/>\n<meta name=\"twitter:label1\" content=\"Est. reading time\" \/>\n\t<meta name=\"twitter:data1\" content=\"2 minutes\" \/>\n<script type=\"application\/ld+json\" class=\"yoast-schema-graph\">{\"@context\":\"https:\\\/\\\/schema.org\",\"@graph\":[{\"@type\":\"WebPage\",\"@id\":\"https:\\\/\\\/www.greenhome.co.me\\\/en\\\/our-team\\\/\",\"url\":\"https:\\\/\\\/www.greenhome.co.me\\\/en\\\/our-team\\\/\",\"name\":\"Our team - Green Home\",\"isPartOf\":{\"@id\":\"https:\\\/\\\/www.greenhome.co.me\\\/#website\"},\"primaryImageOfPage\":{\"@id\":\"https:\\\/\\\/www.greenhome.co.me\\\/en\\\/our-team\\\/#primaryimage\"},\"image\":{\"@id\":\"https:\\\/\\\/www.greenhome.co.me\\\/en\\\/our-team\\\/#primaryimage\"},\"thumbnailUrl\":\"https:\\\/\\\/www.greenhome.co.me\\\/wp-content\\\/uploads\\\/2020\\\/07\\\/o-nama-background.png\",\"datePublished\":\"2021-11-25T13:53:08+00:00\",\"dateModified\":\"2026-03-10T12:06:15+00:00\",\"description\":\"Green Home is dedicated to protecting the environment, preserving the natural resources\",\"breadcrumb\":{\"@id\":\"https:\\\/\\\/www.greenhome.co.me\\\/en\\\/our-team\\\/#breadcrumb\"},\"inLanguage\":\"en-US\",\"potentialAction\":[{\"@type\":\"ReadAction\",\"target\":[\"https:\\\/\\\/www.greenhome.co.me\\\/en\\\/our-team\\\/\"]}]},{\"@type\":\"ImageObject\",\"inLanguage\":\"en-US\",\"@id\":\"https:\\\/\\\/www.greenhome.co.me\\\/en\\\/our-team\\\/#primaryimage\",\"url\":\"https:\\\/\\\/www.greenhome.co.me\\\/wp-content\\\/uploads\\\/2020\\\/07\\\/o-nama-background.png\",\"contentUrl\":\"https:\\\/\\\/www.greenhome.co.me\\\/wp-content\\\/uploads\\\/2020\\\/07\\\/o-nama-background.png\",\"width\":1920,\"height\":300},{\"@type\":\"BreadcrumbList\",\"@id\":\"https:\\\/\\\/www.greenhome.co.me\\\/en\\\/our-team\\\/#breadcrumb\",\"itemListElement\":[{\"@type\":\"ListItem\",\"position\":1,\"name\":\"Home\",\"item\":\"https:\\\/\\\/www.greenhome.co.me\\\/\"},{\"@type\":\"ListItem\",\"position\":2,\"name\":\"Our team\"}]},{\"@type\":\"WebSite\",\"@id\":\"https:\\\/\\\/www.greenhome.co.me\\\/#website\",\"url\":\"https:\\\/\\\/www.greenhome.co.me\\\/\",\"name\":\"Green Home\",\"description\":\"Za\u0161titimo na\u0161e planine i rijeke\",\"potentialAction\":[{\"@type\":\"SearchAction\",\"target\":{\"@type\":\"EntryPoint\",\"urlTemplate\":\"https:\\\/\\\/www.greenhome.co.me\\\/?s={search_term_string}\"},\"query-input\":{\"@type\":\"PropertyValueSpecification\",\"valueRequired\":true,\"valueName\":\"search_term_string\"}}],\"inLanguage\":\"en-US\"}]}<\/script>\n<!-- \/ Yoast SEO plugin. -->","yoast_head_json":{"title":"Our team - Green Home","description":"Green Home is dedicated to protecting the environment, preserving the natural resources","robots":{"index":"index","follow":"follow","max-snippet":"max-snippet:-1","max-image-preview":"max-image-preview:large","max-video-preview":"max-video-preview:-1"},"canonical":"https:\/\/www.greenhome.co.me\/en\/our-team\/","og_locale":"en_US","og_type":"article","og_title":"Our team - Green Home","og_description":"Green Home is dedicated to protecting the environment, preserving the natural resources","og_url":"https:\/\/www.greenhome.co.me\/en\/our-team\/","og_site_name":"Green Home","article_modified_time":"2026-03-10T12:06:15+00:00","og_image":[{"width":1920,"height":300,"url":"https:\/\/www.greenhome.co.me\/wp-content\/uploads\/2020\/07\/o-nama-background.png","type":"image\/png"}],"twitter_card":"summary_large_image","twitter_misc":{"Est. reading time":"2 minutes"},"schema":{"@context":"https:\/\/schema.org","@graph":[{"@type":"WebPage","@id":"https:\/\/www.greenhome.co.me\/en\/our-team\/","url":"https:\/\/www.greenhome.co.me\/en\/our-team\/","name":"Our team - Green Home","isPartOf":{"@id":"https:\/\/www.greenhome.co.me\/#website"},"primaryImageOfPage":{"@id":"https:\/\/www.greenhome.co.me\/en\/our-team\/#primaryimage"},"image":{"@id":"https:\/\/www.greenhome.co.me\/en\/our-team\/#primaryimage"},"thumbnailUrl":"https:\/\/www.greenhome.co.me\/wp-content\/uploads\/2020\/07\/o-nama-background.png","datePublished":"2021-11-25T13:53:08+00:00","dateModified":"2026-03-10T12:06:15+00:00","description":"Green Home is dedicated to protecting the environment, preserving the natural resources","breadcrumb":{"@id":"https:\/\/www.greenhome.co.me\/en\/our-team\/#breadcrumb"},"inLanguage":"en-US","potentialAction":[{"@type":"ReadAction","target":["https:\/\/www.greenhome.co.me\/en\/our-team\/"]}]},{"@type":"ImageObject","inLanguage":"en-US","@id":"https:\/\/www.greenhome.co.me\/en\/our-team\/#primaryimage","url":"https:\/\/www.greenhome.co.me\/wp-content\/uploads\/2020\/07\/o-nama-background.png","contentUrl":"https:\/\/www.greenhome.co.me\/wp-content\/uploads\/2020\/07\/o-nama-background.png","width":1920,"height":300},{"@type":"BreadcrumbList","@id":"https:\/\/www.greenhome.co.me\/en\/our-team\/#breadcrumb","itemListElement":[{"@type":"ListItem","position":1,"name":"Home","item":"https:\/\/www.greenhome.co.me\/"},{"@type":"ListItem","position":2,"name":"Our team"}]},{"@type":"WebSite","@id":"https:\/\/www.greenhome.co.me\/#website","url":"https:\/\/www.greenhome.co.me\/","name":"Green Home","description":"Za\u0161titimo na\u0161e planine i rijeke","potentialAction":[{"@type":"SearchAction","target":{"@type":"EntryPoint","urlTemplate":"https:\/\/www.greenhome.co.me\/?s={search_term_string}"},"query-input":{"@type":"PropertyValueSpecification","valueRequired":true,"valueName":"search_term_string"}}],"inLanguage":"en-US"}]}},"_links":{"self":[{"href":"https:\/\/www.greenhome.co.me\/en\/wp-json\/wp\/v2\/pages\/5585","targetHints":{"allow":["GET"]}}],"collection":[{"href":"https:\/\/www.greenhome.co.me\/en\/wp-json\/wp\/v2\/pages"}],"about":[{"href":"https:\/\/www.greenhome.co.me\/en\/wp-json\/wp\/v2\/types\/page"}],"author":[{"embeddable":true,"href":"https:\/\/www.greenhome.co.me\/en\/wp-json\/wp\/v2\/users\/1"}],"replies":[{"embeddable":true,"href":"https:\/\/www.greenhome.co.me\/en\/wp-json\/wp\/v2\/comments?post=5585"}],"version-history":[{"count":26,"href":"https:\/\/www.greenhome.co.me\/en\/wp-json\/wp\/v2\/pages\/5585\/revisions"}],"predecessor-version":[{"id":10775,"href":"https:\/\/www.greenhome.co.me\/en\/wp-json\/wp\/v2\/pages\/5585\/revisions\/10775"}],"wp:featuredmedia":[{"embeddable":true,"href":"https:\/\/www.greenhome.co.me\/en\/wp-json\/wp\/v2\/media\/5518"}],"wp:attachment":[{"href":"https:\/\/www.greenhome.co.me\/en\/wp-json\/wp\/v2\/media?parent=5585"}],"curies":[{"name":"wp","href":"https:\/\/api.w.org\/{rel}","templated":true}]}}